{"id":13007,"date":"2023-11-30T18:42:56","date_gmt":"2023-11-30T15:42:56","guid":{"rendered":"https:\/\/www.instaavm.com\/blog\/?page_id=13007"},"modified":"2025-01-09T11:14:02","modified_gmt":"2025-01-09T08:14:02","slug":"ana-sayfa","status":"publish","type":"page","link":"https:\/\/instaavm.com\/blog\/","title":{"rendered":"Sosyal Medya Stratejileri ve \u0130pu\u00e7lar\u0131"},"content":{"rendered":"","protected":false},"excerpt":{"rendered":"","protected":false},"author":1,"featured_media":0,"parent":0,"menu_order":0,"comment_status":"closed","ping_status":"closed","template":"","meta":{"om_disable_all_campaigns":false,"_monsterinsights_skip_tracking":false,"_monsterinsights_sitenote_active":false,"_monsterinsights_sitenote_note":"","_monsterinsights_sitenote_category":0,"footnotes":""},"class_list":["post-13007","page","type-page","status-publish","hentry"],"yoast_head":"<!-- This site is optimized with the Yoast SEO plugin v26.4 - https:\/\/yoast.com\/wordpress\/plugins\/seo\/ -->\n<title>Sosyal Medya Stratejileri ve \u0130pu\u00e7lar\u0131 | InstaAVM Blog<\/title>\n<meta name=\"description\" content=\"InstaAVM blog k\u0131sm\u0131nda sosyal medya ile ilgili akl\u0131n\u0131za tak\u0131lan t\u00fcm sorular\u0131n cevaplar\u0131n\u0131 bulabilirsiniz.\" \/>\n<meta name=\"robots\" content=\"index, follow, max-snippet:-1, max-image-preview:large, max-video-preview:-1\" \/>\n<link rel=\"canonical\" href=\"https:\/\/instaavm.com\/blog\/\" \/>\n<meta property=\"og:locale\" content=\"tr_TR\" \/>\n<meta property=\"og:type\" content=\"article\" \/>\n<meta property=\"og:title\" content=\"Sosyal Medya Stratejileri ve \u0130pu\u00e7lar\u0131 | InstaAVM Blog\" \/>\n<meta property=\"og:description\" content=\"InstaAVM blog k\u0131sm\u0131nda sosyal medya ile ilgili akl\u0131n\u0131za tak\u0131lan t\u00fcm sorular\u0131n cevaplar\u0131n\u0131 bulabilirsiniz.\" \/>\n<meta property=\"og:url\" content=\"https:\/\/instaavm.com\/blog\/\" \/>\n<meta property=\"og:site_name\" content=\"InstaAVM Blog\" \/>\n<meta property=\"article:publisher\" content=\"https:\/\/www.facebook.com\/instaavmcom\/\" \/>\n<meta property=\"article:modified_time\" content=\"2025-01-09T08:14:02+00:00\" \/>\n<meta name=\"twitter:card\" content=\"summary_large_image\" \/>\n<script type=\"application\/ld+json\" class=\"yoast-schema-graph\">{\"@context\":\"https:\/\/schema.org\",\"@graph\":[{\"@type\":\"WebPage\",\"@id\":\"https:\/\/instaavm.com\/blog\/\",\"url\":\"https:\/\/instaavm.com\/blog\/\",\"name\":\"Sosyal Medya Stratejileri ve \u0130pu\u00e7lar\u0131 | InstaAVM Blog\",\"isPartOf\":{\"@id\":\"https:\/\/instaavm.com\/blog\/#website\"},\"datePublished\":\"2023-11-30T15:42:56+00:00\",\"dateModified\":\"2025-01-09T08:14:02+00:00\",\"description\":\"InstaAVM blog k\u0131sm\u0131nda sosyal medya ile ilgili akl\u0131n\u0131za tak\u0131lan t\u00fcm sorular\u0131n cevaplar\u0131n\u0131 bulabilirsiniz.\",\"breadcrumb\":{\"@id\":\"https:\/\/instaavm.com\/blog\/#breadcrumb\"},\"inLanguage\":\"tr\",\"potentialAction\":[{\"@type\":\"ReadAction\",\"target\":[\"https:\/\/instaavm.com\/blog\/\"]}]},{\"@type\":\"BreadcrumbList\",\"@id\":\"https:\/\/instaavm.com\/blog\/#breadcrumb\",\"itemListElement\":[{\"@type\":\"ListItem\",\"position\":1,\"name\":\"Ana sayfa\",\"item\":\"https:\/\/instaavm.com\/blog\/\"},{\"@type\":\"ListItem\",\"position\":2,\"name\":\"Sosyal Medya Stratejileri ve \u0130pu\u00e7lar\u0131\"}]},{\"@type\":\"WebSite\",\"@id\":\"https:\/\/instaavm.com\/blog\/#website\",\"url\":\"https:\/\/instaavm.com\/blog\/\",\"name\":\"InstaAVM Blog\",\"description\":\"\",\"potentialAction\":[{\"@type\":\"SearchAction\",\"target\":{\"@type\":\"EntryPoint\",\"urlTemplate\":\"https:\/\/instaavm.com\/blog\/?s={search_term_string}\"},\"query-input\":{\"@type\":\"PropertyValueSpecification\",\"valueRequired\":true,\"valueName\":\"search_term_string\"}}],\"inLanguage\":\"tr\"}]}<\/script>\n<!-- \/ Yoast SEO plugin. -->","yoast_head_json":{"title":"Sosyal Medya Stratejileri ve \u0130pu\u00e7lar\u0131 | InstaAVM Blog","description":"InstaAVM blog k\u0131sm\u0131nda sosyal medya ile ilgili akl\u0131n\u0131za tak\u0131lan t\u00fcm sorular\u0131n cevaplar\u0131n\u0131 bulabilirsiniz.","robots":{"index":"index","follow":"follow","max-snippet":"max-snippet:-1","max-image-preview":"max-image-preview:large","max-video-preview":"max-video-preview:-1"},"canonical":"https:\/\/instaavm.com\/blog\/","og_locale":"tr_TR","og_type":"article","og_title":"Sosyal Medya Stratejileri ve \u0130pu\u00e7lar\u0131 | InstaAVM Blog","og_description":"InstaAVM blog k\u0131sm\u0131nda sosyal medya ile ilgili akl\u0131n\u0131za tak\u0131lan t\u00fcm sorular\u0131n cevaplar\u0131n\u0131 bulabilirsiniz.","og_url":"https:\/\/instaavm.com\/blog\/","og_site_name":"InstaAVM Blog","article_publisher":"https:\/\/www.facebook.com\/instaavmcom\/","article_modified_time":"2025-01-09T08:14:02+00:00","twitter_card":"summary_large_image","schema":{"@context":"https:\/\/schema.org","@graph":[{"@type":"WebPage","@id":"https:\/\/instaavm.com\/blog\/","url":"https:\/\/instaavm.com\/blog\/","name":"Sosyal Medya Stratejileri ve \u0130pu\u00e7lar\u0131 | InstaAVM Blog","isPartOf":{"@id":"https:\/\/instaavm.com\/blog\/#website"},"datePublished":"2023-11-30T15:42:56+00:00","dateModified":"2025-01-09T08:14:02+00:00","description":"InstaAVM blog k\u0131sm\u0131nda sosyal medya ile ilgili akl\u0131n\u0131za tak\u0131lan t\u00fcm sorular\u0131n cevaplar\u0131n\u0131 bulabilirsiniz.","breadcrumb":{"@id":"https:\/\/instaavm.com\/blog\/#breadcrumb"},"inLanguage":"tr","potentialAction":[{"@type":"ReadAction","target":["https:\/\/instaavm.com\/blog\/"]}]},{"@type":"BreadcrumbList","@id":"https:\/\/instaavm.com\/blog\/#breadcrumb","itemListElement":[{"@type":"ListItem","position":1,"name":"Ana sayfa","item":"https:\/\/instaavm.com\/blog\/"},{"@type":"ListItem","position":2,"name":"Sosyal Medya Stratejileri ve \u0130pu\u00e7lar\u0131"}]},{"@type":"WebSite","@id":"https:\/\/instaavm.com\/blog\/#website","url":"https:\/\/instaavm.com\/blog\/","name":"InstaAVM Blog","description":"","potentialAction":[{"@type":"SearchAction","target":{"@type":"EntryPoint","urlTemplate":"https:\/\/instaavm.com\/blog\/?s={search_term_string}"},"query-input":{"@type":"PropertyValueSpecification","valueRequired":true,"valueName":"search_term_string"}}],"inLanguage":"tr"}]}},"_links":{"self":[{"href":"https:\/\/instaavm.com\/blog\/wp-json\/wp\/v2\/pages\/13007","targetHints":{"allow":["GET"]}}],"collection":[{"href":"https:\/\/instaavm.com\/blog\/wp-json\/wp\/v2\/pages"}],"about":[{"href":"https:\/\/instaavm.com\/blog\/wp-json\/wp\/v2\/types\/page"}],"author":[{"embeddable":true,"href":"https:\/\/instaavm.com\/blog\/wp-json\/wp\/v2\/users\/1"}],"replies":[{"embeddable":true,"href":"https:\/\/instaavm.com\/blog\/wp-json\/wp\/v2\/comments?post=13007"}],"version-history":[{"count":5,"href":"https:\/\/instaavm.com\/blog\/wp-json\/wp\/v2\/pages\/13007\/revisions"}],"predecessor-version":[{"id":13250,"href":"https:\/\/instaavm.com\/blog\/wp-json\/wp\/v2\/pages\/13007\/revisions\/13250"}],"wp:attachment":[{"href":"https:\/\/instaavm.com\/blog\/wp-json\/wp\/v2\/media?parent=13007"}],"curies":[{"name":"wp","href":"https:\/\/api.w.org\/{rel}","templated":true}]}}